{"id":1624,"date":"2023-07-23T01:43:29","date_gmt":"2023-07-23T01:43:29","guid":{"rendered":"https:\/\/dev.mbremotelearning.ca\/find-your-course\/"},"modified":"2025-05-14T20:02:45","modified_gmt":"2025-05-14T20:02:45","slug":"trouvez-votre-cours","status":"publish","type":"page","link":"https:\/\/www.mbremotelearning.ca\/fr\/trouvez-votre-cours\/","title":{"rendered":"Trouvez votre cours"},"content":{"rendered":"<p>[et_pb_section fb_built=\u00a0\u00bb1&Prime; custom_padding_last_edited=\u00a0\u00bbon|phone\u00a0\u00bb admin_label=\u00a0\u00bbHeading\u00a0\u00bb _builder_version=\u00a0\u00bb4.21.0&Prime; _module_preset=\u00a0\u00bbdefault\u00a0\u00bb background_color=\u00a0\u00bbgcid-15787649-638d-4b5a-8ed2-8520967f9b11&Prime; custom_padding=\u00a0\u00bb24px||24px||true|false\u00a0\u00bb custom_padding_tablet=\u00a0\u00bb24px|5%|24px|5%|true|true\u00a0\u00bb custom_padding_phone=\u00a0\u00bb15px|5%|13px|5%|false|true\u00a0\u00bb locked=\u00a0\u00bboff\u00a0\u00bb global_colors_info=\u00a0\u00bb{%22gcid-15787649-638d-4b5a-8ed2-8520967f9b11%22:%91%22background_color%22%93}\u00a0\u00bb][et_pb_row _builder_version=\u00a0\u00bb4.21.0&Prime; _module_preset=\u00a0\u00bbdefault\u00a0\u00bb width_tablet=\u00a0\u00bb100%\u00a0\u00bb width_phone=\u00a0\u00bb100%\u00a0\u00bb width_last_edited=\u00a0\u00bbon|desktop\u00a0\u00bb custom_padding=\u00a0\u00bb0px||0px||true|false\u00a0\u00bb global_colors_info=\u00a0\u00bb{}\u00a0\u00bb][et_pb_column type=\u00a0\u00bb4_4&Prime; _builder_version=\u00a0\u00bb4.21.0&Prime; _module_preset=\u00a0\u00bbdefault\u00a0\u00bb global_colors_info=\u00a0\u00bb{}\u00a0\u00bb][et_pb_text content_tablet=\u00a0\u00bb<\/p>\n<p>Programme d\u2019\u00e9cole secondaire \u00e0 distance<\/p>\n<p>\u00a0\u00bb content_phone=\u00a0\u00bb<\/p>\n<p>Programme<\/p>\n<p>d\u2019\u00e9cole secondaire<\/p>\n<p>\u00e0 distance<\/p>\n<p>\u00a0\u00bb content_last_edited=\u00a0\u00bbon|phone\u00a0\u00bb _builder_version=\u00a0\u00bb4.21.0&Prime; _module_preset=\u00a0\u00bbdefault\u00a0\u00bb text_font=\u00a0\u00bbNoto Sans||||||||\u00a0\u00bb text_text_color=\u00a0\u00bbgcid-2f365970-810a-4c07-9f15-675d6fb12295&Prime; text_font_size=\u00a0\u00bb36px\u00a0\u00bb custom_margin=\u00a0\u00bb|||0px|false|false\u00a0\u00bb custom_margin_tablet=\u00a0\u00bb|||0px|false|false\u00a0\u00bb custom_margin_phone=\u00a0\u00bb20px||20px|0px|true|false\u00a0\u00bb custom_margin_last_edited=\u00a0\u00bbon|phone\u00a0\u00bb custom_padding=\u00a0\u00bb|||0px|false|false\u00a0\u00bb text_line_height_tablet=\u00a0\u00bb1em\u00a0\u00bb text_line_height_phone=\u00a0\u00bb1em\u00a0\u00bb text_line_height_last_edited=\u00a0\u00bbon|phone\u00a0\u00bb custom_css_main_element=\u00a0\u00bbfont-family: &lsquo;Noto Sans Display&rsquo;, sans-serif;||font-weight: 400;\u00a0\u00bb global_colors_info=\u00a0\u00bb{%22gcid-2f365970-810a-4c07-9f15-675d6fb12295%22:%91%22text_text_color%22%93}\u00a0\u00bb custom_css_main_element_last_edited=\u00a0\u00bbon|phone\u00a0\u00bb custom_css_main_element_phone=\u00a0\u00bbfont-family: &lsquo;Noto Sans Display&rsquo;, sans-serif;||font-weight: 400;||line-height: 16px;\u00a0\u00bb custom_css_main_element_tablet=\u00a0\u00bbfont-family: &lsquo;Noto Sans Display&rsquo;, sans-serif;||font-weight: 400;\u00a0\u00bb]<\/p>\n<p>Programme d\u2019\u00e9cole secondaire \u00e0 distance<\/p>\n<p>[\/et_pb_text][\/et_pb_column][\/et_pb_row][\/et_pb_section][et_pb_section fb_built=\u00a0\u00bb1&Prime; custom_padding_last_edited=\u00a0\u00bbon|phone\u00a0\u00bb admin_label=\u00a0\u00bbLearn your way\u00a0\u00bb _builder_version=\u00a0\u00bb4.21.0&Prime; _module_preset=\u00a0\u00bbdefault\u00a0\u00bb background_color=\u00a0\u00bbgcid-e5b7b052-7031-4f59-b7a9-4576efd21772&Prime; custom_padding=\u00a0\u00bb80px||||false|false\u00a0\u00bb custom_padding_tablet=\u00a0\u00bb55px|5%|45px|5%|false|true\u00a0\u00bb custom_padding_phone=\u00a0\u00bb35px|5%|35px|5%|false|true\u00a0\u00bb custom_css_main_element=\u00a0\u00bboverflow: hidden;\u00a0\u00bb locked=\u00a0\u00bboff\u00a0\u00bb global_colors_info=\u00a0\u00bb{%22gcid-e5b7b052-7031-4f59-b7a9-4576efd21772%22:%91%22background_color%22%93}\u00a0\u00bb][et_pb_row column_structure=\u00a0\u00bb1_2,1_2&Prime; _builder_version=\u00a0\u00bb4.21.0&Prime; _module_preset=\u00a0\u00bbdefault\u00a0\u00bb width_tablet=\u00a0\u00bb100%\u00a0\u00bb width_phone=\u00a0\u00bb100%\u00a0\u00bb width_last_edited=\u00a0\u00bbon|tablet\u00a0\u00bb custom_margin=\u00a0\u00bb||0px||false|false\u00a0\u00bb custom_padding=\u00a0\u00bb0px||0px||true|false\u00a0\u00bb global_colors_info=\u00a0\u00bb{}\u00a0\u00bb][et_pb_column type=\u00a0\u00bb1_2&Prime; _builder_version=\u00a0\u00bb4.21.0&Prime; _module_preset=\u00a0\u00bbdefault\u00a0\u00bb global_colors_info=\u00a0\u00bb{}\u00a0\u00bb][et_pb_text _builder_version=\u00a0\u00bb4.21.0&Prime; _module_preset=\u00a0\u00bbdefault\u00a0\u00bb text_font=\u00a0\u00bbNoto Sans||||||||\u00a0\u00bb text_text_color=\u00a0\u00bbgcid-15787649-638d-4b5a-8ed2-8520967f9b11&Prime; text_font_size=\u00a0\u00bb64px\u00a0\u00bb text_line_height=\u00a0\u00bb122%\u00a0\u00bb custom_margin=\u00a0\u00bb||20px||false|false\u00a0\u00bb custom_margin_tablet=\u00a0\u00bb||20px||false|false\u00a0\u00bb custom_margin_phone=\u00a0\u00bb||16px||false|false\u00a0\u00bb custom_margin_last_edited=\u00a0\u00bbon|tablet\u00a0\u00bb custom_css_main_element=\u00a0\u00bbfont-family: &lsquo;Noto Sans Display&rsquo;;||font-weight: 300;\u00a0\u00bb global_colors_info=\u00a0\u00bb{%22gcid-15787649-638d-4b5a-8ed2-8520967f9b11%22:%91%22text_text_color%22%93}\u00a0\u00bb]<\/p>\n<p>Trouvez votre cours<\/p>\n<p>[\/et_pb_text][et_pb_text content_tablet=\u00a0\u00bb<\/p>\n<p>Get high school credit from anywhere in<\/p>\n<p>Manitoba though flexible remote learning options<\/p>\n<p>\u00a0\u00bb content_phone=\u00a0\u00bb<\/p>\n<p>Get high school credit from anywhere in Manitoba though flexible remote learning options<\/p>\n<p>\u00a0\u00bb content_last_edited=\u00a0\u00bboff|tablet\u00a0\u00bb _builder_version=\u00a0\u00bb4.21.0&Prime; _module_preset=\u00a0\u00bbdefault\u00a0\u00bb text_font=\u00a0\u00bbNoto Sans Display|500|||||||\u00a0\u00bb text_text_color=\u00a0\u00bbgcid-15787649-638d-4b5a-8ed2-8520967f9b11&Prime; text_font_size=\u00a0\u00bb32px\u00a0\u00bb text_line_height=\u00a0\u00bb1.2em\u00a0\u00bb custom_margin=\u00a0\u00bb||30px||false|false\u00a0\u00bb custom_margin_tablet=\u00a0\u00bb||25px||false|false\u00a0\u00bb custom_margin_phone=\u00a0\u00bb||18px||false|false\u00a0\u00bb custom_margin_last_edited=\u00a0\u00bbon|phone\u00a0\u00bb text_line_height_tablet=\u00a0\u00bb1em\u00a0\u00bb text_line_height_phone=\u00a0\u00bb137%\u00a0\u00bb text_line_height_last_edited=\u00a0\u00bbon|phone\u00a0\u00bb custom_css_main_element=\u00a0\u00bbfont-weight:600&Prime; global_colors_info=\u00a0\u00bb{%22gcid-15787649-638d-4b5a-8ed2-8520967f9b11%22:%91%22text_text_color%22%93}\u00a0\u00bb]<\/p>\n<p>Vous rencontrer l\u00e0 o\u00f9 vous \u00eates<\/p>\n<p>[\/et_pb_text][et_pb_text _builder_version=\u00a0\u00bb4.21.0&Prime; _module_preset=\u00a0\u00bbdefault\u00a0\u00bb text_font=\u00a0\u00bbBarlow||||||||\u00a0\u00bb text_text_color=\u00a0\u00bbgcid-15787649-638d-4b5a-8ed2-8520967f9b11&Prime; text_font_size=\u00a0\u00bb18px\u00a0\u00bb text_line_height=\u00a0\u00bb137%\u00a0\u00bb global_colors_info=\u00a0\u00bb{%22gcid-15787649-638d-4b5a-8ed2-8520967f9b11%22:%91%22text_text_color%22%93}\u00a0\u00bb]<\/p>\n<p>Le Programme d\u2019\u00e9cole secondaire \u00e0 distance est offert aux \u00e9l\u00e8ves du secondaire du Manitoba, et l\u2019objectif est d\u2019offrir des options d\u2019enseignement en ligne pratiques partout dans la province. Les options d\u2019apprentissage \u00e0 distance sont id\u00e9ales pour les \u00e9l\u00e8ves qui ont besoin de cours non offerts par leur \u00e9cole secondaire, les \u00e9l\u00e8ves qui ont des difficult\u00e9s d\u2019horaire et les \u00e9l\u00e8ves qui sont limit\u00e9s par des probl\u00e8mes de sant\u00e9 ou d\u2019autres circonstances. Chaque \u00e9l\u00e8ve apprend diff\u00e9remment et a des besoins uniques. Dans cette optique, vous pouvez choisir entre les cours en ligne programm\u00e9s <strong>(mode synchrone)<\/strong> ou travailler de fa\u00e7on plus autonome en abordant le cours et votre enseignant selon votre propre horaire <strong>(mode asynchrone).<\/strong><\/p>\n<p>[\/et_pb_text][\/et_pb_column][et_pb_column type=\u00a0\u00bb1_2&Prime; _builder_version=\u00a0\u00bb4.21.0&Prime; _module_preset=\u00a0\u00bbdefault\u00a0\u00bb global_colors_info=\u00a0\u00bb{}\u00a0\u00bb][et_pb_image src=\u00a0\u00bbhttps:\/\/dev.mbremotelearning.ca\/wp-content\/uploads\/2023\/08\/Green_Human_Laptop_Phone_2x.png\u00a0\u00bb alt=\u00a0\u00bbUn \u00e9l\u00e8ve assis \u00e0 un pupitre avec un ordinateur portatif et qui regarde un t\u00e9l\u00e9phone intelligent.\u00a0\u00bb title_text=\u00a0\u00bb\u00c9l\u00e8ve qui utilise un ordinateur portatif et un t\u00e9l\u00e9phone\u00a0\u00bb _builder_version=\u00a0\u00bb4.21.0&Prime; _module_preset=\u00a0\u00bbdefault\u00a0\u00bb max_height=\u00a0\u00bb315px\u00a0\u00bb custom_margin=\u00a0\u00bb||0px|80px|false|false\u00a0\u00bb custom_margin_tablet=\u00a0\u00bb||0px|0px|false|false\u00a0\u00bb custom_margin_phone=\u00a0\u00bb||0px|0px|false|false\u00a0\u00bb custom_margin_last_edited=\u00a0\u00bbon|desktop\u00a0\u00bb custom_padding=\u00a0\u00bb20px||0px||false|false\u00a0\u00bb custom_padding_tablet=\u00a0\u00bb0px||||false|false\u00a0\u00bb custom_padding_phone=\u00a0\u00bb0px||||false|false\u00a0\u00bb custom_padding_last_edited=\u00a0\u00bbon|phone\u00a0\u00bb global_colors_info=\u00a0\u00bb{}\u00a0\u00bb][\/et_pb_image][et_pb_divider color=\u00a0\u00bbgcid-15787649-638d-4b5a-8ed2-8520967f9b11&Prime; divider_weight=\u00a0\u00bb4px\u00a0\u00bb _builder_version=\u00a0\u00bb4.21.0&Prime; _module_preset=\u00a0\u00bbdefault\u00a0\u00bb width=\u00a0\u00bb220%\u00a0\u00bb width_tablet=\u00a0\u00bb220%\u00a0\u00bb width_phone=\u00a0\u00bb220%\u00a0\u00bb width_last_edited=\u00a0\u00bbon|phone\u00a0\u00bb max_width=\u00a0\u00bb220%\u00a0\u00bb min_height=\u00a0\u00bb120%\u00a0\u00bb overflow-x=\u00a0\u00bbhidden\u00a0\u00bb custom_margin=\u00a0\u00bb||0px||false|false\u00a0\u00bb custom_margin_tablet=\u00a0\u00bb||10px|-100px|false|false\u00a0\u00bb custom_margin_phone=\u00a0\u00bb||0px||false|false\u00a0\u00bb custom_margin_last_edited=\u00a0\u00bbon|tablet\u00a0\u00bb custom_padding=\u00a0\u00bb||0px|0px|false|false\u00a0\u00bb custom_css_before=\u00a0\u00bbborder-radius:10px;\u00a0\u00bb custom_css_main_element=\u00a0\u00bboverflow: hidden;\u00a0\u00bb global_colors_info=\u00a0\u00bb{%22gcid-15787649-638d-4b5a-8ed2-8520967f9b11%22:%91%22color%22%93}\u00a0\u00bb][\/et_pb_divider][et_pb_text content_tablet=\u00a0\u00bb<\/p>\n<p>Get high school credit from anywhere in<\/p>\n<p>Manitoba though flexible remote learning options<\/p>\n<p>\u00a0\u00bb content_phone=\u00a0\u00bb<\/p>\n<p>Get high school credit from anywhere in Manitoba though flexible remote learning options<\/p>\n<p>\u00a0\u00bb content_last_edited=\u00a0\u00bboff|desktop\u00a0\u00bb _builder_version=\u00a0\u00bb4.21.0&Prime; _module_preset=\u00a0\u00bbdefault\u00a0\u00bb text_font=\u00a0\u00bbNoto Sans Display|700|||||||\u00a0\u00bb text_text_color=\u00a0\u00bbgcid-15787649-638d-4b5a-8ed2-8520967f9b11&Prime; text_font_size=\u00a0\u00bb24px\u00a0\u00bb text_line_height=\u00a0\u00bb1.5em\u00a0\u00bb custom_margin=\u00a0\u00bb-10px||30px||false|false\u00a0\u00bb text_line_height_tablet=\u00a0\u00bb1em\u00a0\u00bb text_line_height_phone=\u00a0\u00bb137%\u00a0\u00bb text_line_height_last_edited=\u00a0\u00bbon|phone\u00a0\u00bb custom_css_main_element=\u00a0\u00bbfont-weight: 700;\u00a0\u00bb locked=\u00a0\u00bboff\u00a0\u00bb global_colors_info=\u00a0\u00bb{%22gcid-15787649-638d-4b5a-8ed2-8520967f9b11%22:%91%22text_text_color%22%93}\u00a0\u00bb]<\/p>\n<p>Si vous avez des questions au sujet du programme, veuillez communiquer avec votre conseiller en orientation.<\/p>\n<p>[\/et_pb_text][\/et_pb_column][\/et_pb_row][\/et_pb_section][et_pb_section fb_built=\u00a0\u00bb1&Prime; custom_padding_last_edited=\u00a0\u00bbon|tablet\u00a0\u00bb _builder_version=\u00a0\u00bb4.21.0&Prime; _module_preset=\u00a0\u00bbdefault\u00a0\u00bb custom_padding=\u00a0\u00bb70px||||false|false\u00a0\u00bb custom_padding_tablet=\u00a0\u00bb50px|5%||5%|false|true\u00a0\u00bb custom_padding_phone=\u00a0\u00bb35px|5%||5%|false|true\u00a0\u00bb global_colors_info=\u00a0\u00bb{}\u00a0\u00bb][et_pb_row _builder_version=\u00a0\u00bb4.21.0&Prime; _module_preset=\u00a0\u00bbdefault\u00a0\u00bb width_tablet=\u00a0\u00bb100%\u00a0\u00bb width_phone=\u00a0\u00bb100%\u00a0\u00bb width_last_edited=\u00a0\u00bbon|desktop\u00a0\u00bb custom_padding=\u00a0\u00bb0px||0px||true|false\u00a0\u00bb global_colors_info=\u00a0\u00bb{}\u00a0\u00bb][et_pb_column type=\u00a0\u00bb4_4&Prime; _builder_version=\u00a0\u00bb4.21.0&Prime; _module_preset=\u00a0\u00bbdefault\u00a0\u00bb global_colors_info=\u00a0\u00bb{}\u00a0\u00bb][et_pb_text _builder_version=\u00a0\u00bb4.21.0&Prime; _module_preset=\u00a0\u00bbdefault\u00a0\u00bb text_font=\u00a0\u00bbNoto Sans||||||||\u00a0\u00bb text_text_color=\u00a0\u00bbgcid-15787649-638d-4b5a-8ed2-8520967f9b11&Prime; text_font_size=\u00a0\u00bb64px\u00a0\u00bb text_line_height=\u00a0\u00bb122%\u00a0\u00bb custom_margin=\u00a0\u00bb||20px||false|false\u00a0\u00bb custom_css_main_element=\u00a0\u00bbfont-family: &lsquo;Noto Sans Display&rsquo;;||font-weight: 300;\u00a0\u00bb locked=\u00a0\u00bboff\u00a0\u00bb global_colors_info=\u00a0\u00bb{%22gcid-15787649-638d-4b5a-8ed2-8520967f9b11%22:%91%22text_text_color%22%93}\u00a0\u00bb]<\/p>\n<p>Explorez les cours offerts<\/p>\n<p>[\/et_pb_text][toolset_divi_view toolset_view=\u00a0\u00bbtrouvez-votre-cours\u00a0\u00bb _builder_version=\u00a0\u00bb4.23&Prime; _module_preset=\u00a0\u00bbdefault\u00a0\u00bb custom_margin=\u00a0\u00bb0px|0px|0px|0px|true|true\u00a0\u00bb custom_margin_tablet=\u00a0\u00bb0px|0px|0px|0px|true|true\u00a0\u00bb custom_margin_phone=\u00a0\u00bb|0px||0px|true|true\u00a0\u00bb custom_margin_last_edited=\u00a0\u00bbon|desktop\u00a0\u00bb custom_padding=\u00a0\u00bb0px|0px|0px|0px|true|true\u00a0\u00bb hover_enabled=\u00a0\u00bb0&Prime; global_colors_info=\u00a0\u00bb{}\u00a0\u00bb sticky_enabled=\u00a0\u00bb0&Prime;][\/toolset_divi_view][\/et_pb_column][\/et_pb_row][\/et_pb_section]<\/p>\n","protected":false},"excerpt":{"rendered":"<p>Programme d\u2019\u00e9cole secondaire \u00e0 distance Trouvez votre cours Vous rencontrer l\u00e0 o\u00f9 vous \u00eates Le Programme d\u2019\u00e9cole secondaire \u00e0 distance est offert aux \u00e9l\u00e8ves du secondaire du Manitoba, et l\u2019objectif est d\u2019offrir des options d\u2019enseignement en ligne pratiques partout dans la province.<\/p>\n","protected":false},"author":3,"featured_media":0,"parent":0,"menu_order":0,"comment_status":"closed","ping_status":"closed","template":"","meta":{"_et_pb_use_builder":"on","_et_pb_old_content":"","_et_gb_content_width":"","footnotes":""},"class_list":["post-1624","page","type-page","status-publish","hentry"],"jetpack_sharing_enabled":true,"_links":{"self":[{"href":"https:\/\/www.mbremotelearning.ca\/fr\/wp-json\/wp\/v2\/pages\/1624","targetHints":{"allow":["GET"]}}],"collection":[{"href":"https:\/\/www.mbremotelearning.ca\/fr\/wp-json\/wp\/v2\/pages"}],"about":[{"href":"https:\/\/www.mbremotelearning.ca\/fr\/wp-json\/wp\/v2\/types\/page"}],"author":[{"embeddable":true,"href":"https:\/\/www.mbremotelearning.ca\/fr\/wp-json\/wp\/v2\/users\/3"}],"replies":[{"embeddable":true,"href":"https:\/\/www.mbremotelearning.ca\/fr\/wp-json\/wp\/v2\/comments?post=1624"}],"version-history":[{"count":21,"href":"https:\/\/www.mbremotelearning.ca\/fr\/wp-json\/wp\/v2\/pages\/1624\/revisions"}],"predecessor-version":[{"id":4307,"href":"https:\/\/www.mbremotelearning.ca\/fr\/wp-json\/wp\/v2\/pages\/1624\/revisions\/4307"}],"wp:attachment":[{"href":"https:\/\/www.mbremotelearning.ca\/fr\/wp-json\/wp\/v2\/media?parent=1624"}],"curies":[{"name":"wp","href":"https:\/\/api.w.org\/{rel}","templated":true}]}}