{"id":1676,"date":"2023-07-28T14:43:25","date_gmt":"2023-07-28T14:43:25","guid":{"rendered":"https:\/\/dev.mbremotelearning.ca\/contact\/"},"modified":"2023-10-25T19:22:35","modified_gmt":"2023-10-25T19:22:35","slug":"pour-nous-joindre","status":"publish","type":"page","link":"https:\/\/www.mbremotelearning.ca\/fr\/pour-nous-joindre\/","title":{"rendered":"Pour nous joindre"},"content":{"rendered":"<p>[et_pb_section fb_built=\u00a0\u00bb1&Prime; custom_padding_last_edited=\u00a0\u00bbon|phone\u00a0\u00bb admin_label=\u00a0\u00bbHeading\u00a0\u00bb _builder_version=\u00a0\u00bb4.21.0&Prime; _module_preset=\u00a0\u00bbdefault\u00a0\u00bb background_color=\u00a0\u00bbgcid-b326284c-216b-44ce-a7be-8b8c78e214fc\u00a0\u00bb custom_padding=\u00a0\u00bb24px|5%|24px|5%|true|true\u00a0\u00bb custom_padding_tablet=\u00a0\u00bb24px|5%|24px|5%|true|true\u00a0\u00bb custom_padding_phone=\u00a0\u00bb15px|5%|13px|5%|false|true\u00a0\u00bb global_colors_info=\u00a0\u00bb{%22gcid-b326284c-216b-44ce-a7be-8b8c78e214fc%22:%91%22background_color%22%93}\u00a0\u00bb][et_pb_row _builder_version=\u00a0\u00bb4.21.0&Prime; _module_preset=\u00a0\u00bbdefault\u00a0\u00bb width=\u00a0\u00bb100%\u00a0\u00bb width_tablet=\u00a0\u00bb100%\u00a0\u00bb width_phone=\u00a0\u00bb100%\u00a0\u00bb width_last_edited=\u00a0\u00bbon|desktop\u00a0\u00bb custom_padding=\u00a0\u00bb0px||0px||true|false\u00a0\u00bb global_colors_info=\u00a0\u00bb{}\u00a0\u00bb][et_pb_column type=\u00a0\u00bb4_4&Prime; _builder_version=\u00a0\u00bb4.21.0&Prime; _module_preset=\u00a0\u00bbdefault\u00a0\u00bb global_colors_info=\u00a0\u00bb{}\u00a0\u00bb][et_pb_text content_tablet=\u00a0\u00bb<\/p>\n<p>Apprentissage \u00e0 distance<\/p>\n<p>\u00a0\u00bb content_phone=\u00a0\u00bb<\/p>\n<p>Apprentissage \u00e0 distance<\/p>\n<p>\u00a0\u00bb content_last_edited=\u00a0\u00bbon|phone\u00a0\u00bb _builder_version=\u00a0\u00bb4.21.0&Prime; _module_preset=\u00a0\u00bbdefault\u00a0\u00bb text_font=\u00a0\u00bbNoto Sans||||||||\u00a0\u00bb text_text_color=\u00a0\u00bbgcid-15787649-638d-4b5a-8ed2-8520967f9b11&Prime; text_font_size=\u00a0\u00bb36px\u00a0\u00bb custom_margin=\u00a0\u00bb|||0px|false|false\u00a0\u00bb custom_margin_tablet=\u00a0\u00bb|||0px|false|false\u00a0\u00bb custom_margin_phone=\u00a0\u00bb20px||20px|0px|true|false\u00a0\u00bb custom_margin_last_edited=\u00a0\u00bbon|phone\u00a0\u00bb custom_padding=\u00a0\u00bb|||0px|false|false\u00a0\u00bb text_line_height_tablet=\u00a0\u00bb1em\u00a0\u00bb text_line_height_phone=\u00a0\u00bb1.2em\u00a0\u00bb text_line_height_last_edited=\u00a0\u00bbon|phone\u00a0\u00bb custom_css_main_element=\u00a0\u00bbfont-family: &lsquo;Noto Sans Display&rsquo;, sans-serif;||font-weight: 400;\u00a0\u00bb global_colors_info=\u00a0\u00bb{%22gcid-15787649-638d-4b5a-8ed2-8520967f9b11%22:%91%22text_text_color%22%93}\u00a0\u00bb custom_css_main_element_last_edited=\u00a0\u00bbon|phone\u00a0\u00bb custom_css_main_element_phone=\u00a0\u00bbfont-family: &lsquo;Noto Sans Display&rsquo;, sans-serif;||font-weight: 400;\u00a0\u00bb custom_css_main_element_tablet=\u00a0\u00bbfont-family: &lsquo;Noto Sans Display&rsquo;, sans-serif;||font-weight: 400;\u00a0\u00bb]Apprentissage \u00e0 distance[\/et_pb_text][\/et_pb_column][\/et_pb_row][\/et_pb_section][et_pb_section fb_built=\u00a0\u00bb1&Prime; custom_padding_last_edited=\u00a0\u00bbon|desktop\u00a0\u00bb _builder_version=\u00a0\u00bb4.21.0&Prime; _module_preset=\u00a0\u00bbdefault\u00a0\u00bb background_color=\u00a0\u00bbgcid-8d67cbd4-ed7c-44c2-a566-fa66f3a1d323&Prime; custom_padding=\u00a0\u00bb70px|5%||5%|false|true\u00a0\u00bb custom_padding_tablet=\u00a0\u00bb69px||||false|false\u00a0\u00bb custom_padding_phone=\u00a0\u00bb70px|5%||5%|false|true\u00a0\u00bb global_colors_info=\u00a0\u00bb{%22gcid-8d67cbd4-ed7c-44c2-a566-fa66f3a1d323%22:%91%22background_color%22%93}\u00a0\u00bb][et_pb_row _builder_version=\u00a0\u00bb4.21.0&Prime; _module_preset=\u00a0\u00bbdefault\u00a0\u00bb width=\u00a0\u00bb100%\u00a0\u00bb width_tablet=\u00a0\u00bb100%\u00a0\u00bb width_phone=\u00a0\u00bb100%\u00a0\u00bb width_last_edited=\u00a0\u00bbon|phone\u00a0\u00bb max_width_tablet=\u00a0\u00bb\u00a0\u00bb max_width_phone=\u00a0\u00bb100%\u00a0\u00bb max_width_last_edited=\u00a0\u00bbon|phone\u00a0\u00bb custom_padding=\u00a0\u00bb0px||||false|false\u00a0\u00bb global_colors_info=\u00a0\u00bb{}\u00a0\u00bb][et_pb_column type=\u00a0\u00bb4_4&Prime; _builder_version=\u00a0\u00bb4.21.0&Prime; _module_preset=\u00a0\u00bbdefault\u00a0\u00bb global_colors_info=\u00a0\u00bb{}\u00a0\u00bb][et_pb_text _builder_version=\u00a0\u00bb4.21.0&Prime; _module_preset=\u00a0\u00bbdefault\u00a0\u00bb text_font=\u00a0\u00bbNoto Sans Display||||||||\u00a0\u00bb text_text_color=\u00a0\u00bbgcid-15787649-638d-4b5a-8ed2-8520967f9b11&Prime; text_font_size=\u00a0\u00bb64px\u00a0\u00bb text_line_height=\u00a0\u00bb122%\u00a0\u00bb custom_css_main_element=\u00a0\u00bbfont-weight: 300;\u00a0\u00bb global_colors_info=\u00a0\u00bb{%22gcid-15787649-638d-4b5a-8ed2-8520967f9b11%22:%91%22text_text_color%22%93}\u00a0\u00bb]Pour nous joindre[\/et_pb_text][et_pb_text _builder_version=\u00a0\u00bb4.21.0&Prime; _module_preset=\u00a0\u00bbdefault\u00a0\u00bb text_font=\u00a0\u00bbNoto Sans Display||||||||\u00a0\u00bb text_text_color=\u00a0\u00bbgcid-15787649-638d-4b5a-8ed2-8520967f9b11&Prime; text_font_size=\u00a0\u00bb32px\u00a0\u00bb text_line_height=\u00a0\u00bb1em\u00a0\u00bb custom_margin=\u00a0\u00bb40px||||false|false\u00a0\u00bb custom_margin_tablet=\u00a0\u00bb40px||||false|false\u00a0\u00bb custom_margin_phone=\u00a0\u00bb40px||||false|false\u00a0\u00bb custom_margin_last_edited=\u00a0\u00bbon|desktop\u00a0\u00bb custom_css_main_element=\u00a0\u00bbfont-weight: 500;\u00a0\u00bb global_colors_info=\u00a0\u00bb{%22gcid-15787649-638d-4b5a-8ed2-8520967f9b11%22:%91%22text_text_color%22%93}\u00a0\u00bb]<\/p>\n<p>Les \u00e9l\u00e8ves ayant besoin de suivre des cours \u00e0 distance peuvent contacter<span>\u00a0<\/span>:<\/p>\n<p>[\/et_pb_text][\/et_pb_column][\/et_pb_row][et_pb_row column_structure=\u00a0\u00bb1_3,2_3&Prime; admin_label=\u00a0\u00bbInformnet\u00a0\u00bb _builder_version=\u00a0\u00bb4.21.0&Prime; _module_preset=\u00a0\u00bbdefault\u00a0\u00bb width=\u00a0\u00bb100%\u00a0\u00bb width_tablet=\u00a0\u00bb100%\u00a0\u00bb width_phone=\u00a0\u00bb100%\u00a0\u00bb width_last_edited=\u00a0\u00bbon|phone\u00a0\u00bb max_width_tablet=\u00a0\u00bb\u00a0\u00bb max_width_phone=\u00a0\u00bb100%\u00a0\u00bb max_width_last_edited=\u00a0\u00bbon|phone\u00a0\u00bb global_colors_info=\u00a0\u00bb{}\u00a0\u00bb custom_css_main_element_last_edited=\u00a0\u00bbon|tablet\u00a0\u00bb custom_css_main_element_tablet=\u00a0\u00bbdisplay: flex;\u00a0\u00bb custom_css_main_element_phone=\u00a0\u00bbdisplay: initial;\u00a0\u00bb][et_pb_column type=\u00a0\u00bb1_3&Prime; _builder_version=\u00a0\u00bb4.21.0&Prime; _module_preset=\u00a0\u00bbdefault\u00a0\u00bb global_colors_info=\u00a0\u00bb{}\u00a0\u00bb][et_pb_image src=\u00a0\u00bbhttps:\/\/dev.mbremotelearning.ca\/wp-content\/uploads\/2023\/08\/InformNet_logo_2x.png\u00a0\u00bb title_text=\u00a0\u00bbLogo d&rsquo;InformNet\u00a0\u00bb align=\u00a0\u00bbcenter\u00a0\u00bb _builder_version=\u00a0\u00bb4.21.0&Prime; _module_preset=\u00a0\u00bbdefault\u00a0\u00bb width=\u00a0\u00bb70%\u00a0\u00bb width_tablet=\u00a0\u00bb70%\u00a0\u00bb width_phone=\u00a0\u00bb70%\u00a0\u00bb width_last_edited=\u00a0\u00bbon|desktop\u00a0\u00bb hover_enabled=\u00a0\u00bb0&Prime; global_colors_info=\u00a0\u00bb{}\u00a0\u00bb alt=\u00a0\u00bbLe logo d&rsquo;InformNet, l&rsquo;\u00e9cole secondaire en ligne du Manitoba.\u00a0\u00bb sticky_enabled=\u00a0\u00bb0&Prime;][\/et_pb_image][\/et_pb_column][et_pb_column type=\u00a0\u00bb2_3&Prime; _builder_version=\u00a0\u00bb4.21.0&Prime; _module_preset=\u00a0\u00bbdefault\u00a0\u00bb global_colors_info=\u00a0\u00bb{}\u00a0\u00bb][et_pb_text _builder_version=\u00a0\u00bb4.21.0&Prime; _module_preset=\u00a0\u00bbdefault\u00a0\u00bb text_font=\u00a0\u00bbNoto Sans Display|700|||||||\u00a0\u00bb text_text_color=\u00a0\u00bbgcid-15787649-638d-4b5a-8ed2-8520967f9b11&Prime; text_font_size=\u00a0\u00bb24px\u00a0\u00bb text_line_height=\u00a0\u00bb137%\u00a0\u00bb custom_margin=\u00a0\u00bb||15px||false|false\u00a0\u00bb custom_margin_tablet=\u00a0\u00bb||15px||false|false\u00a0\u00bb custom_margin_phone=\u00a0\u00bb||15px||false|false\u00a0\u00bb custom_margin_last_edited=\u00a0\u00bbon|desktop\u00a0\u00bb custom_css_main_element=\u00a0\u00bbfont-weight: 700;\u00a0\u00bb global_colors_info=\u00a0\u00bb{%22gcid-15787649-638d-4b5a-8ed2-8520967f9b11%22:%91%22text_text_color%22%93}\u00a0\u00bb]<\/p>\n<p>InformNet<\/p>\n<p>[\/et_pb_text][et_pb_text module_class=\u00a0\u00bbtext-with-custom-hover-link\u00a0\u00bb _builder_version=\u00a0\u00bb4.21.0&Prime; _module_preset=\u00a0\u00bbdefault\u00a0\u00bb text_font=\u00a0\u00bbBarlow|500|||||||\u00a0\u00bb text_text_color=\u00a0\u00bbgcid-15787649-638d-4b5a-8ed2-8520967f9b11&Prime; text_font_size=\u00a0\u00bb18px\u00a0\u00bb link_text_color=\u00a0\u00bbgcid-15787649-638d-4b5a-8ed2-8520967f9b11&Prime; global_colors_info=\u00a0\u00bb{%22gcid-15787649-638d-4b5a-8ed2-8520967f9b11%22:%91%22link_text_color%22,%22text_text_color%22%93}\u00a0\u00bb link_text_color__hover_enabled=\u00a0\u00bbon|hover\u00a0\u00bb link_text_color__hover=\u00a0\u00bb#057d3e\u00a0\u00bb]<\/p>\n<p><strong>T\u00e9l\u00e9phone<span>\u00a0<\/span>:<\/strong> <span style=\"font-weight: 400;\">204<span>\u00a0<\/span>831-4000, poste 5400<\/span><br \/><strong>Courriel<span>\u00a0<\/span>: <\/strong><a class=\"email_style\" style=\"font-weight: 400!important;\" href=\"mailto:informnet@pembinatrails.ca\">informnet@pembinatrails.ca<\/a><br \/><strong>Site Web<span>\u00a0<\/span>:<\/strong> <span style=\"text-decoration: underline;\"><a style=\"font-weight: 400;\" href=\"https:\/\/www.informnet.mb.ca\/\" target=\"_blank\" rel=\"noopener\">InformNet<\/a><\/span><a><\/a><\/p>\n<p>[\/et_pb_text][\/et_pb_column][\/et_pb_row][et_pb_row admin_label=\u00a0\u00bbGreen Line 1&Prime; _builder_version=\u00a0\u00bb4.21.0&Prime; _module_preset=\u00a0\u00bbdefault\u00a0\u00bb width=\u00a0\u00bb100%\u00a0\u00bb global_colors_info=\u00a0\u00bb{}\u00a0\u00bb][et_pb_column type=\u00a0\u00bb4_4&Prime; _builder_version=\u00a0\u00bb4.21.0&Prime; _module_preset=\u00a0\u00bbdefault\u00a0\u00bb global_colors_info=\u00a0\u00bb{}\u00a0\u00bb][et_pb_image src=\u00a0\u00bbhttps:\/\/dev.mbremotelearning.ca\/wp-content\/uploads\/2023\/07\/green_line_2_2x.png\u00a0\u00bb title_text=\u00a0\u00bbgreen_line_2_2x\u00a0\u00bb _builder_version=\u00a0\u00bb4.21.0&Prime; _module_preset=\u00a0\u00bbdefault\u00a0\u00bb global_colors_info=\u00a0\u00bb{}\u00a0\u00bb][\/et_pb_image][\/et_pb_column][\/et_pb_row][et_pb_row column_structure=\u00a0\u00bb1_3,2_3&Prime; admin_label=\u00a0\u00bbInformnet\u00a0\u00bb _builder_version=\u00a0\u00bb4.21.0&Prime; _module_preset=\u00a0\u00bbdefault\u00a0\u00bb width=\u00a0\u00bb100%\u00a0\u00bb width_tablet=\u00a0\u00bb100%\u00a0\u00bb width_phone=\u00a0\u00bb100%\u00a0\u00bb width_last_edited=\u00a0\u00bbon|phone\u00a0\u00bb max_width_tablet=\u00a0\u00bb\u00a0\u00bb max_width_phone=\u00a0\u00bb100%\u00a0\u00bb max_width_last_edited=\u00a0\u00bbon|phone\u00a0\u00bb locked=\u00a0\u00bboff\u00a0\u00bb global_colors_info=\u00a0\u00bb{}\u00a0\u00bb custom_css_main_element_last_edited=\u00a0\u00bbon|tablet\u00a0\u00bb custom_css_main_element_tablet=\u00a0\u00bbdisplay: flex;\u00a0\u00bb custom_css_main_element_phone=\u00a0\u00bbdisplay: initial;\u00a0\u00bb][et_pb_column type=\u00a0\u00bb1_3&Prime; _builder_version=\u00a0\u00bb4.21.0&Prime; _module_preset=\u00a0\u00bbdefault\u00a0\u00bb global_colors_info=\u00a0\u00bb{}\u00a0\u00bb][et_pb_image src=\u00a0\u00bbhttps:\/\/dev.mbremotelearning.ca\/wp-content\/uploads\/2023\/08\/TMO_Logo_2x.png\u00a0\u00bb title_text=\u00a0\u00bbLogo de TMO\u00a0\u00bb align=\u00a0\u00bbcenter\u00a0\u00bb _builder_version=\u00a0\u00bb4.21.0&Prime; _module_preset=\u00a0\u00bbdefault\u00a0\u00bb width=\u00a0\u00bb70%\u00a0\u00bb width_tablet=\u00a0\u00bb70%\u00a0\u00bb width_phone=\u00a0\u00bb70%\u00a0\u00bb width_last_edited=\u00a0\u00bbon|desktop\u00a0\u00bb hover_enabled=\u00a0\u00bb0&Prime; global_colors_info=\u00a0\u00bb{}\u00a0\u00bb alt=\u00a0\u00bbLe logo de Teacher Mediated Option.\u00a0\u00bb sticky_enabled=\u00a0\u00bb0&Prime;][\/et_pb_image][\/et_pb_column][et_pb_column type=\u00a0\u00bb2_3&Prime; _builder_version=\u00a0\u00bb4.21.0&Prime; _module_preset=\u00a0\u00bbdefault\u00a0\u00bb global_colors_info=\u00a0\u00bb{}\u00a0\u00bb][et_pb_text _builder_version=\u00a0\u00bb4.21.0&Prime; _module_preset=\u00a0\u00bbdefault\u00a0\u00bb text_font=\u00a0\u00bbNoto Sans Display|700|||||||\u00a0\u00bb text_text_color=\u00a0\u00bbgcid-15787649-638d-4b5a-8ed2-8520967f9b11&Prime; text_font_size=\u00a0\u00bb24px\u00a0\u00bb text_line_height=\u00a0\u00bb137%\u00a0\u00bb custom_margin=\u00a0\u00bb||15px||false|false\u00a0\u00bb custom_margin_tablet=\u00a0\u00bb||15px||false|false\u00a0\u00bb custom_margin_phone=\u00a0\u00bb||15px||false|false\u00a0\u00bb custom_margin_last_edited=\u00a0\u00bbon|desktop\u00a0\u00bb custom_css_main_element=\u00a0\u00bbfont-weight: 700;\u00a0\u00bb global_colors_info=\u00a0\u00bb{%22gcid-15787649-638d-4b5a-8ed2-8520967f9b11%22:%91%22text_text_color%22,%22text_text_color%22,%22text_text_color%22%93}\u00a0\u00bb]Programme adapt\u00e9 par les enseignants (Division scolaire de Pine Creek)[\/et_pb_text][et_pb_text module_class=\u00a0\u00bbtext-with-custom-hover-link\u00a0\u00bb _builder_version=\u00a0\u00bb4.21.0&Prime; _module_preset=\u00a0\u00bbdefault\u00a0\u00bb text_font=\u00a0\u00bbBarlow|500|||||||\u00a0\u00bb text_text_color=\u00a0\u00bbgcid-15787649-638d-4b5a-8ed2-8520967f9b11&Prime; text_font_size=\u00a0\u00bb18px\u00a0\u00bb link_text_color=\u00a0\u00bbgcid-15787649-638d-4b5a-8ed2-8520967f9b11&Prime; global_colors_info=\u00a0\u00bb{%22gcid-15787649-638d-4b5a-8ed2-8520967f9b11%22:%91%22link_text_color%22,%22text_text_color%22%93}\u00a0\u00bb link_text_color__hover_enabled=\u00a0\u00bbon|hover\u00a0\u00bb link_text_color__hover=\u00a0\u00bb#057d3e\u00a0\u00bb]<\/p>\n<p><strong>T\u00e9l\u00e9phone<span>\u00a0<\/span>:<\/strong> <span style=\"font-weight: 400;\">204<span>\u00a0<\/span>385-6697<\/span><br \/><strong>Courriel<span>\u00a0<\/span>: <\/strong><a class=\"email_style\" style=\"font-weight: 400!important;\" href=\"mailto:tmo@pcsdonline.ca\">tmo@pcsdonline.ca<\/a><br \/><strong>Site Web<span>\u00a0<\/span>:<\/strong> <span style=\"text-decoration: underline;\"><a style=\"font-weight: 400!important;\" href=\"https:\/\/tmopinecreeksd.weebly.com\/\" target=\"_blank\" rel=\"noopener\">Programme adapt\u00e9 par les enseignants<\/a><\/span><a><\/a><\/p>\n<p>[\/et_pb_text][\/et_pb_column][\/et_pb_row][et_pb_row admin_label=\u00a0\u00bbGreen Line 1&Prime; _builder_version=\u00a0\u00bb4.21.0&Prime; _module_preset=\u00a0\u00bbdefault\u00a0\u00bb width=\u00a0\u00bb100%\u00a0\u00bb locked=\u00a0\u00bboff\u00a0\u00bb global_colors_info=\u00a0\u00bb{}\u00a0\u00bb][et_pb_column type=\u00a0\u00bb4_4&Prime; _builder_version=\u00a0\u00bb4.21.0&Prime; _module_preset=\u00a0\u00bbdefault\u00a0\u00bb global_colors_info=\u00a0\u00bb{}\u00a0\u00bb][et_pb_image src=\u00a0\u00bbhttps:\/\/dev.mbremotelearning.ca\/wp-content\/uploads\/2023\/07\/green_line_1_2x.png\u00a0\u00bb title_text=\u00a0\u00bbgreen_line_1_2x\u00a0\u00bb _builder_version=\u00a0\u00bb4.21.0&Prime; _module_preset=\u00a0\u00bbdefault\u00a0\u00bb global_colors_info=\u00a0\u00bb{}\u00a0\u00bb][\/et_pb_image][\/et_pb_column][\/et_pb_row][et_pb_row column_structure=\u00a0\u00bb1_3,2_3&Prime; admin_label=\u00a0\u00bbInformnet\u00a0\u00bb _builder_version=\u00a0\u00bb4.21.0&Prime; _module_preset=\u00a0\u00bbdefault\u00a0\u00bb width=\u00a0\u00bb100%\u00a0\u00bb width_tablet=\u00a0\u00bb100%\u00a0\u00bb width_phone=\u00a0\u00bb100%\u00a0\u00bb width_last_edited=\u00a0\u00bbon|phone\u00a0\u00bb max_width_tablet=\u00a0\u00bb\u00a0\u00bb max_width_phone=\u00a0\u00bb100%\u00a0\u00bb max_width_last_edited=\u00a0\u00bbon|phone\u00a0\u00bb locked=\u00a0\u00bboff\u00a0\u00bb global_colors_info=\u00a0\u00bb{}\u00a0\u00bb custom_css_main_element_last_edited=\u00a0\u00bbon|tablet\u00a0\u00bb custom_css_main_element_tablet=\u00a0\u00bbdisplay: flex;\u00a0\u00bb custom_css_main_element_phone=\u00a0\u00bbdisplay: initial;\u00a0\u00bb][et_pb_column type=\u00a0\u00bb1_3&Prime; _builder_version=\u00a0\u00bb4.21.0&Prime; _module_preset=\u00a0\u00bbdefault\u00a0\u00bb global_colors_info=\u00a0\u00bb{}\u00a0\u00bb][et_pb_image src=\u00a0\u00bbhttps:\/\/dev.mbremotelearning.ca\/wp-content\/uploads\/2023\/08\/DSFM_logo_2x-1.png\u00a0\u00bb title_text=\u00a0\u00bbLogo de la DSFM\u00a0\u00bb align=\u00a0\u00bbcenter\u00a0\u00bb _builder_version=\u00a0\u00bb4.21.0&Prime; _module_preset=\u00a0\u00bbdefault\u00a0\u00bb width=\u00a0\u00bb70%\u00a0\u00bb width_tablet=\u00a0\u00bb70%\u00a0\u00bb width_phone=\u00a0\u00bb70%\u00a0\u00bb width_last_edited=\u00a0\u00bbon|desktop\u00a0\u00bb hover_enabled=\u00a0\u00bb0&Prime; global_colors_info=\u00a0\u00bb{}\u00a0\u00bb alt=\u00a0\u00bbLe logo de la Division scolaire franco-manitobaine.\u00a0\u00bb sticky_enabled=\u00a0\u00bb0&Prime;][\/et_pb_image][\/et_pb_column][et_pb_column type=\u00a0\u00bb2_3&Prime; _builder_version=\u00a0\u00bb4.21.0&Prime; _module_preset=\u00a0\u00bbdefault\u00a0\u00bb global_colors_info=\u00a0\u00bb{}\u00a0\u00bb][et_pb_text _builder_version=\u00a0\u00bb4.21.0&Prime; _module_preset=\u00a0\u00bbdefault\u00a0\u00bb text_font=\u00a0\u00bbNoto Sans Display|700|||||||\u00a0\u00bb text_text_color=\u00a0\u00bbgcid-15787649-638d-4b5a-8ed2-8520967f9b11&Prime; text_font_size=\u00a0\u00bb24px\u00a0\u00bb text_line_height=\u00a0\u00bb137%\u00a0\u00bb custom_margin=\u00a0\u00bb||15px||false|false\u00a0\u00bb custom_margin_tablet=\u00a0\u00bb||15px||false|false\u00a0\u00bb custom_margin_phone=\u00a0\u00bb||15px||false|false\u00a0\u00bb custom_margin_last_edited=\u00a0\u00bbon|desktop\u00a0\u00bb custom_css_main_element=\u00a0\u00bbfont-weight: 700;\u00a0\u00bb global_colors_info=\u00a0\u00bb{%22gcid-15787649-638d-4b5a-8ed2-8520967f9b11%22:%91%22text_text_color%22,%22text_text_color%22,%22text_text_color%22,%22text_text_color%22%93}\u00a0\u00bb]Division scolaire franco-manitobaine (DSFM)[\/et_pb_text][et_pb_text module_class=\u00a0\u00bbtext-with-custom-hover-link\u00a0\u00bb _builder_version=\u00a0\u00bb4.21.0&Prime; _module_preset=\u00a0\u00bbdefault\u00a0\u00bb text_font=\u00a0\u00bbBarlow||||||||\u00a0\u00bb text_text_color=\u00a0\u00bbgcid-15787649-638d-4b5a-8ed2-8520967f9b11&Prime; text_font_size=\u00a0\u00bb18px\u00a0\u00bb text_line_height=\u00a0\u00bb137%\u00a0\u00bb link_font=\u00a0\u00bb||||on||||\u00a0\u00bb link_text_color=\u00a0\u00bbgcid-15787649-638d-4b5a-8ed2-8520967f9b11&Prime; custom_css_main_element=\u00a0\u00bbfont-weight: 400;\u00a0\u00bb global_colors_info=\u00a0\u00bb{%22gcid-15787649-638d-4b5a-8ed2-8520967f9b11%22:%91%22text_text_color%22,%22link_text_color%22%93,%22gcid-10cd81d0-c8b1-4158-a248-0a787cdd8f5b%22:%91%22link_text_color__hover%22%93}\u00a0\u00bb link_text_color__hover_enabled=\u00a0\u00bbon|hover\u00a0\u00bb link_text_color__hover=\u00a0\u00bb#057d3e\u00a0\u00bb]<\/p>\n<p>\u00cates-vous inscrit(e) \u00e0 la Division scolaire franco-manitobaine (DSFM)? Si c\u2019est le cas, cliquez <a href=\"http:\/\/moodle.dsfm.mb.ca\/\" target=\"_blank\" rel=\"noopener\">ici<\/a> pour conna\u00eetre les options d\u2019apprentissage \u00e0 distance.<\/p>\n<p>[\/et_pb_text][\/et_pb_column][\/et_pb_row][et_pb_row admin_label=\u00a0\u00bbGreen Line 1&Prime; _builder_version=\u00a0\u00bb4.21.0&Prime; _module_preset=\u00a0\u00bbdefault\u00a0\u00bb width=\u00a0\u00bb100%\u00a0\u00bb locked=\u00a0\u00bboff\u00a0\u00bb global_colors_info=\u00a0\u00bb{}\u00a0\u00bb][et_pb_column type=\u00a0\u00bb4_4&Prime; _builder_version=\u00a0\u00bb4.21.0&Prime; _module_preset=\u00a0\u00bbdefault\u00a0\u00bb global_colors_info=\u00a0\u00bb{}\u00a0\u00bb][et_pb_image src=\u00a0\u00bbhttps:\/\/dev.mbremotelearning.ca\/wp-content\/uploads\/2023\/07\/green_line_1_2x.png\u00a0\u00bb title_text=\u00a0\u00bbgreen_line_1_2x\u00a0\u00bb _builder_version=\u00a0\u00bb4.21.0&Prime; _module_preset=\u00a0\u00bbdefault\u00a0\u00bb global_colors_info=\u00a0\u00bb{}\u00a0\u00bb][\/et_pb_image][\/et_pb_column][\/et_pb_row][et_pb_row column_structure=\u00a0\u00bb1_3,2_3&Prime; custom_padding_last_edited=\u00a0\u00bbon|tablet\u00a0\u00bb admin_label=\u00a0\u00bbInformnet\u00a0\u00bb _builder_version=\u00a0\u00bb4.21.0&Prime; _module_preset=\u00a0\u00bbdefault\u00a0\u00bb width=\u00a0\u00bb100%\u00a0\u00bb width_tablet=\u00a0\u00bb100%\u00a0\u00bb width_phone=\u00a0\u00bb100%\u00a0\u00bb width_last_edited=\u00a0\u00bbon|phone\u00a0\u00bb max_width_tablet=\u00a0\u00bb\u00a0\u00bb max_width_phone=\u00a0\u00bb100%\u00a0\u00bb max_width_last_edited=\u00a0\u00bbon|phone\u00a0\u00bb custom_padding_tablet=\u00a0\u00bb||0px||false|false\u00a0\u00bb custom_padding_phone=\u00a0\u00bb||0px||false|false\u00a0\u00bb locked=\u00a0\u00bboff\u00a0\u00bb global_colors_info=\u00a0\u00bb{}\u00a0\u00bb custom_css_main_element_last_edited=\u00a0\u00bbon|tablet\u00a0\u00bb custom_css_main_element_tablet=\u00a0\u00bbdisplay: flex;\u00a0\u00bb custom_css_main_element_phone=\u00a0\u00bbdisplay: initial;\u00a0\u00bb][et_pb_column type=\u00a0\u00bb1_3&Prime; _builder_version=\u00a0\u00bb4.21.0&Prime; _module_preset=\u00a0\u00bbdefault\u00a0\u00bb global_colors_info=\u00a0\u00bb{}\u00a0\u00bb][et_pb_image src=\u00a0\u00bbhttps:\/\/dev.mbremotelearning.ca\/wp-content\/uploads\/2023\/08\/speech_balloons_2x-1.png\u00a0\u00bb title_text=\u00a0\u00bbBulles\u00a0\u00bb align=\u00a0\u00bbcenter\u00a0\u00bb _builder_version=\u00a0\u00bb4.21.0&Prime; _module_preset=\u00a0\u00bbdefault\u00a0\u00bb width=\u00a0\u00bb58%\u00a0\u00bb width_tablet=\u00a0\u00bb40%\u00a0\u00bb width_phone=\u00a0\u00bb20%\u00a0\u00bb width_last_edited=\u00a0\u00bbon|desktop\u00a0\u00bb hover_enabled=\u00a0\u00bb0&Prime; global_colors_info=\u00a0\u00bb{}\u00a0\u00bb alt=\u00a0\u00bbBulles.\u00a0\u00bb sticky_enabled=\u00a0\u00bb0&Prime;][\/et_pb_image][\/et_pb_column][et_pb_column type=\u00a0\u00bb2_3&Prime; _builder_version=\u00a0\u00bb4.21.0&Prime; _module_preset=\u00a0\u00bbdefault\u00a0\u00bb global_colors_info=\u00a0\u00bb{}\u00a0\u00bb][et_pb_text _builder_version=\u00a0\u00bb4.21.0&Prime; _module_preset=\u00a0\u00bbdefault\u00a0\u00bb text_font=\u00a0\u00bbNoto Sans Display|700|||||||\u00a0\u00bb text_text_color=\u00a0\u00bbgcid-15787649-638d-4b5a-8ed2-8520967f9b11&Prime; text_font_size=\u00a0\u00bb24px\u00a0\u00bb text_line_height=\u00a0\u00bb137%\u00a0\u00bb custom_margin=\u00a0\u00bb||15px||false|false\u00a0\u00bb custom_margin_tablet=\u00a0\u00bb||15px||false|false\u00a0\u00bb custom_margin_phone=\u00a0\u00bb||15px||false|false\u00a0\u00bb custom_margin_last_edited=\u00a0\u00bbon|desktop\u00a0\u00bb custom_css_main_element=\u00a0\u00bbfont-weight: 700;\u00a0\u00bb global_colors_info=\u00a0\u00bb{%22gcid-15787649-638d-4b5a-8ed2-8520967f9b11%22:%91%22text_text_color%22,%22text_text_color%22,%22text_text_color%22,%22text_text_color%22,%22text_text_color%22%93}\u00a0\u00bb]Personnes-ressources du minist\u00e8re de l\u2019\u00c9ducation et de l\u2019Apprentissage de la petite enfance du Manitoba[\/et_pb_text][et_pb_text module_class=\u00a0\u00bbtext-with-custom-hover-link\u00a0\u00bb _builder_version=\u00a0\u00bb4.21.0&Prime; _module_preset=\u00a0\u00bbdefault\u00a0\u00bb text_font=\u00a0\u00bbBarlow|500|||||||\u00a0\u00bb text_text_color=\u00a0\u00bbgcid-15787649-638d-4b5a-8ed2-8520967f9b11&Prime; text_font_size=\u00a0\u00bb18px\u00a0\u00bb link_font=\u00a0\u00bb||||||||\u00a0\u00bb link_text_color=\u00a0\u00bbgcid-15787649-638d-4b5a-8ed2-8520967f9b11&Prime; global_colors_info=\u00a0\u00bb{%22gcid-15787649-638d-4b5a-8ed2-8520967f9b11%22:%91%22link_text_color%22,%22text_text_color%22%93}\u00a0\u00bb link_text_color__hover_enabled=\u00a0\u00bbon|hover\u00a0\u00bb link_text_color__hover=\u00a0\u00bb#057d3e\u00a0\u00bb]<\/p>\n<p><strong>Questions g\u00e9n\u00e9rales<span>\u00a0<\/span>:<\/strong><br \/><strong>Num\u00e9ro de t\u00e9l\u00e9phone du soutien aux programmes<span>\u00a0<\/span>:<\/strong> <span style=\"font-weight: 400;\">204<span>\u00a0<\/span>325-1701<\/span><br \/><strong>Num\u00e9ro sans frais<span>\u00a0<\/span>:<span> <\/span><\/strong><span style=\"font-weight: 400;\">1<span>\u00a0<\/span>800<span>\u00a0<\/span>465-9915<\/span><br \/><strong>Courriel<span>\u00a0<\/span>: <\/strong><a class=\"email_style\" style=\"font-weight: 400!important;\" href=\"mailto:distance.learning@gov.mb.ca\">distance.learning@gov.mb.ca<\/a><br \/><a><\/a><\/p>\n<p>[\/et_pb_text][\/et_pb_column][\/et_pb_row][\/et_pb_section]<\/p>\n","protected":false},"excerpt":{"rendered":"<p>Apprentissage \u00e0 distance Pour nous joindre Les \u00e9l\u00e8ves ayant besoin de suivre des cours \u00e0 distance peuvent contacter : InformNet T\u00e9l\u00e9phone : 204 831-4000, poste 5400 Courriel : informnet@pembinatrails.ca<\/p>\n","protected":false},"author":3,"featured_media":0,"parent":0,"menu_order":0,"comment_status":"closed","ping_status":"closed","template":"","meta":{"_et_pb_use_builder":"on","_et_pb_old_content":"","_et_gb_content_width":"","footnotes":""},"class_list":["post-1676","page","type-page","status-publish","hentry"],"jetpack_sharing_enabled":true,"_links":{"self":[{"href":"https:\/\/www.mbremotelearning.ca\/fr\/wp-json\/wp\/v2\/pages\/1676","targetHints":{"allow":["GET"]}}],"collection":[{"href":"https:\/\/www.mbremotelearning.ca\/fr\/wp-json\/wp\/v2\/pages"}],"about":[{"href":"https:\/\/www.mbremotelearning.ca\/fr\/wp-json\/wp\/v2\/types\/page"}],"author":[{"embeddable":true,"href":"https:\/\/www.mbremotelearning.ca\/fr\/wp-json\/wp\/v2\/users\/3"}],"replies":[{"embeddable":true,"href":"https:\/\/www.mbremotelearning.ca\/fr\/wp-json\/wp\/v2\/comments?post=1676"}],"version-history":[{"count":22,"href":"https:\/\/www.mbremotelearning.ca\/fr\/wp-json\/wp\/v2\/pages\/1676\/revisions"}],"predecessor-version":[{"id":2412,"href":"https:\/\/www.mbremotelearning.ca\/fr\/wp-json\/wp\/v2\/pages\/1676\/revisions\/2412"}],"wp:attachment":[{"href":"https:\/\/www.mbremotelearning.ca\/fr\/wp-json\/wp\/v2\/media?parent=1676"}],"curies":[{"name":"wp","href":"https:\/\/api.w.org\/{rel}","templated":true}]}}